{"id":42,"date":"2023-06-02T18:45:41","date_gmt":"2023-06-02T16:45:41","guid":{"rendered":"https:\/\/construccionesgarpe.es\/?page_id=42"},"modified":"2023-06-02T20:46:33","modified_gmt":"2023-06-02T18:46:33","slug":"empresa","status":"publish","type":"page","link":"https:\/\/construccionesgarpe.es\/?page_id=42","title":{"rendered":"Empresa"},"content":{"rendered":"\t\t<div data-elementor-type=\"wp-page\" data-elementor-id=\"42\" class=\"elementor elementor-42\">\n\t\t\t\t\t\t\t\t\t<section class=\"elementor-section elementor-top-section elementor-element elementor-element-addded3 elementor-section-boxed elementor-section-height-default elementor-section-height-default\" data-id=\"addded3\" data-element_type=\"section\">\n\t\t\t\t\t\t<div class=\"elementor-container elementor-column-gap-default\">\n\t\t\t\t\t<div class=\"elementor-column elementor-col-66 elementor-top-column elementor-element elementor-element-0e23482\" data-id=\"0e23482\" data-element_type=\"column\">\n\t\t\t<div class=\"elementor-widget-wrap elementor-element-populated\">\n\t\t\t\t\t\t\t\t<div class=\"elementor-element elementor-element-a23e0a9 elementor-widget elementor-widget-image\" data-id=\"a23e0a9\" data-element_type=\"widget\" data-widget_type=\"image.default\">\n\t\t\t\t<div class=\"elementor-widget-container\">\n\t\t\t<style>\/*! elementor - v3.11.5 - 14-03-2023 *\/\n.elementor-widget-image{text-align:center}.elementor-widget-image a{display:inline-block}.elementor-widget-image a img[src$=\".svg\"]{width:48px}.elementor-widget-image img{vertical-align:middle;display:inline-block}<\/style>\t\t\t\t\t\t\t\t\t\t\t\t<img loading=\"lazy\" decoding=\"async\" width=\"1024\" height=\"682\" src=\"https:\/\/construccionesgarpe.es\/wp-content\/uploads\/2023\/06\/gruas-1024x682.jpg\" class=\"attachment-large size-large wp-image-44\" alt=\"\" srcset=\"https:\/\/construccionesgarpe.es\/wp-content\/uploads\/2023\/06\/gruas-1024x682.jpg 1024w, https:\/\/construccionesgarpe.es\/wp-content\/uploads\/2023\/06\/gruas-300x200.jpg 300w, https:\/\/construccionesgarpe.es\/wp-content\/uploads\/2023\/06\/gruas-768x512.jpg 768w, https:\/\/construccionesgarpe.es\/wp-content\/uploads\/2023\/06\/gruas.jpg 1280w\" sizes=\"auto, (max-width: 1024px) 100vw, 1024px\" \/>\t\t\t\t\t\t\t\t\t\t\t\t\t\t\t<\/div>\n\t\t\t\t<\/div>\n\t\t\t\t\t<\/div>\n\t\t<\/div>\n\t\t\t\t<div class=\"elementor-column elementor-col-33 elementor-top-column elementor-element elementor-element-0d37cd5\" data-id=\"0d37cd5\" data-element_type=\"column\">\n\t\t\t<div class=\"elementor-widget-wrap elementor-element-populated\">\n\t\t\t\t\t\t\t\t<div class=\"elementor-element elementor-element-c63aed8 elementor-widget elementor-widget-text-editor\" data-id=\"c63aed8\" data-element_type=\"widget\" data-widget_type=\"text-editor.default\">\n\t\t\t\t<div class=\"elementor-widget-container\">\n\t\t\t<style>\/*! elementor - v3.11.5 - 14-03-2023 *\/\n.elementor-widget-text-editor.elementor-drop-cap-view-stacked .elementor-drop-cap{background-color:#818a91;color:#fff}.elementor-widget-text-editor.elementor-drop-cap-view-framed .elementor-drop-cap{color:#818a91;border:3px solid;background-color:transparent}.elementor-widget-text-editor:not(.elementor-drop-cap-view-default) .elementor-drop-cap{margin-top:8px}.elementor-widget-text-editor:not(.elementor-drop-cap-view-default) .elementor-drop-cap-letter{width:1em;height:1em}.elementor-widget-text-editor .elementor-drop-cap{float:left;text-align:center;line-height:1;font-size:50px}.elementor-widget-text-editor .elementor-drop-cap-letter{display:inline-block}<\/style>\t\t\t\t<p><strong>MAS DE 40 A\u00d1OS DE EXPERIENCIA<\/strong><\/p><p>Construcciones Garpe Rinc\u00f3n SL somos una empresa que realizamos trabajos tanto de construcci\u00f3n y reforma de edificios, como de excavaci\u00f3n y obra civil.<\/p><p>A lo largo de estos a\u00f1os, nos hemos ido especializando en los trabajos de obra civil en Subestaci\u00f3n El\u00e9ctricas, tanto en la construcci\u00f3n de nuevas instalaciones como en el mantenimiento de las existentes, ya sean bien centros de transformaci\u00f3n como de reparto.<\/p><p>Adapt\u00e1ndonos a las circunstancias y resolviendo los problemas que surjan en el camino, llegaremos a nuestro principal objetivo que es dar un servicio que cumpla las expectativas de nuestros clientes.<\/p>\t\t\t\t\t\t<\/div>\n\t\t\t\t<\/div>\n\t\t\t\t\t<\/div>\n\t\t<\/div>\n\t\t\t\t\t\t\t<\/div>\n\t\t<\/section>\n\t\t\t\t\t\t\t<\/div>\n\t\t","protected":false},"excerpt":{"rendered":"<p>MAS DE 40 A\u00d1OS DE EXPERIENCIA Construcciones Garpe Rinc\u00f3n SL somos una empresa que realizamos trabajos tanto de construcci\u00f3n y reforma de edificios, como de excavaci\u00f3n y obra civil. A lo largo de estos a\u00f1os, nos hemos ido especializando en los trabajos de obra civil en Subestaci\u00f3n El\u00e9ctricas, tanto en la construcci\u00f3n de nuevas instalaciones &#8230; <a title=\"Empresa\" class=\"read-more\" href=\"https:\/\/construccionesgarpe.es\/?page_id=42\" aria-label=\"M\u00e1s en Empresa\">Leer m\u00e1s<\/a><\/p>\n","protected":false},"author":1,"featured_media":0,"parent":0,"menu_order":0,"comment_status":"closed","ping_status":"closed","template":"","meta":{"footnotes":""},"class_list":["post-42","page","type-page","status-publish"],"_links":{"self":[{"href":"https:\/\/construccionesgarpe.es\/index.php?rest_route=\/wp\/v2\/pages\/42","targetHints":{"allow":["GET"]}}],"collection":[{"href":"https:\/\/construccionesgarpe.es\/index.php?rest_route=\/wp\/v2\/pages"}],"about":[{"href":"https:\/\/construccionesgarpe.es\/index.php?rest_route=\/wp\/v2\/types\/page"}],"author":[{"embeddable":true,"href":"https:\/\/construccionesgarpe.es\/index.php?rest_route=\/wp\/v2\/users\/1"}],"replies":[{"embeddable":true,"href":"https:\/\/construccionesgarpe.es\/index.php?rest_route=%2Fwp%2Fv2%2Fcomments&post=42"}],"version-history":[{"count":8,"href":"https:\/\/construccionesgarpe.es\/index.php?rest_route=\/wp\/v2\/pages\/42\/revisions"}],"predecessor-version":[{"id":91,"href":"https:\/\/construccionesgarpe.es\/index.php?rest_route=\/wp\/v2\/pages\/42\/revisions\/91"}],"wp:attachment":[{"href":"https:\/\/construccionesgarpe.es\/index.php?rest_route=%2Fwp%2Fv2%2Fmedia&parent=42"}],"curies":[{"name":"wp","href":"https:\/\/api.w.org\/{rel}","templated":true}]}}